{"id":8706,"date":"2021-04-22T14:11:55","date_gmt":"2021-04-22T14:11:55","guid":{"rendered":"https:\/\/redtecnomifood.es\/noticias-sobre-estrategias-multiomicas\/"},"modified":"2025-06-19T11:44:58","modified_gmt":"2025-06-19T11:44:58","slug":"multiomic-strategies-news","status":"publish","type":"page","link":"https:\/\/redtecnomifood.es\/en\/multiomic-strategies-news\/","title":{"rendered":"Multiomic strategies news"},"content":{"rendered":"<div class=\"wpb-content-wrapper\"><p>[vc_row][vc_column][vc_column_text]<\/p>\n<div class=\"vc_row wpb_row vc_row-fluid qodef-section vc_custom_1612281141521 qodef-content-aligment-left qodef-grid-section\">\n<div class=\"clearfix qodef-section-inner\">\n<div class=\"qodef-section-inner-margin clearfix\">\n<div class=\"wpb_column vc_column_container vc_col-sm-12\">\n<div class=\"vc_column-inner\">\n<div class=\"wpb_wrapper\">\n<div class=\"wpb_text_column wpb_content_element \">\n<div class=\"wpb_wrapper\">\n<div class=\"vc_row wpb_row vc_row-fluid qodef-section vc_custom_1612284209611 qodef-content-aligment-left qodef-grid-section\">\n<div class=\"clearfix qodef-section-inner\">\n<div class=\"qodef-section-inner-margin clearfix\">\n<div class=\"wpb_column vc_column_container vc_col-sm-12\">\n<div class=\"vc_column-inner\">\n<div class=\"wpb_wrapper\">\n<div class=\"wpb_text_column wpb_content_element \">\n<div class=\"wpb_wrapper\">\n<h2>News related to multiomic strategies, precision nutrition and artificial intelligence applied to the healthy food sector<\/h2>\n<\/div>\n<\/div>\n<\/div>\n<\/div>\n<\/div>\n<\/div>\n<\/div>\n<\/div>\n<div class=\"vc_row wpb_row vc_row-fluid qodef-section vc_custom_1612284209611 qodef-content-aligment-left qodef-grid-section\">\n<div class=\"clearfix qodef-section-inner\">\n<div class=\"qodef-section-inner-margin clearfix\">\n<div class=\"wpb_column vc_column_container vc_col-sm-12\">\n<div class=\"vc_column-inner\">\n<div class=\"wpb_wrapper\">\n<div class=\"wpb_text_column wpb_content_element \">\n<div class=\"wpb_wrapper\">\n<h2><\/h2>\n<\/div>\n<\/div>\n<\/div>\n<\/div>\n<\/div>\n<\/div>\n<\/div>\n<\/div>\n<div class=\"vc_row wpb_row vc_row-fluid qodef-section vc_custom_1600164671217 qodef-content-aligment-left qodef-grid-section\">\n<div class=\"clearfix qodef-section-inner\">\n<div class=\"qodef-section-inner-margin clearfix\">\n<div class=\"wpb_column vc_column_container vc_col-sm-6\">\n<div class=\"vc_column-inner\">\n<div class=\"wpb_wrapper\"><\/div>\n<\/div>\n<\/div>\n<\/div>\n<\/div>\n<\/div>\n<h2><span class=\"TextRun BCX0 SCXP255595116\" lang=\"ES-ES\" xml:lang=\"ES-ES\" data-scheme-color=\"@000000,,\" data-usefontface=\"true\" data-contrast=\"none\"><span class=\"NormalTextRun BCX0 SCXP255595116\">nutrici\u00f3n de precisi\u00f3n e inteligencia artificial aplicada al sector de la alimentaci\u00f3n\u00a0<\/span><\/span><span class=\"TextRun BCX0 SCXP255595116\" lang=\"ES-ES\" xml:lang=\"ES-ES\" data-scheme-color=\"@000000,,\" data-usefontface=\"true\" data-contrast=\"none\"><span class=\"NormalTextRun BCX0 SCXP255595116\">saludable<\/span><\/span><span class=\"EOP BCX0 SCXP255595116\">\u200b<\/span><\/h2>\n<\/div>\n<\/div>\n<\/div>\n<\/div>\n<\/div>\n<\/div>\n<\/div>\n<\/div>\n<div class=\"vc_row wpb_row vc_row-fluid qodef-section vc_custom_1600164671217 qodef-content-aligment-left qodef-grid-section\">\n<div class=\"clearfix qodef-section-inner\">\n<div class=\"qodef-section-inner-margin clearfix\">\n<div class=\"wpb_column vc_column_container vc_col-sm-6\">\n<div class=\"vc_column-inner\">\n<p class=\"wpb_wrapper\">\n<\/div>\n<\/div>\n<\/div>\n<\/div>\n<\/div>\n<p>[\/vc_column_text][vc_empty_space]<div class=\"qodef-blog-list-holder qodef-boxes qodef-one-column\">\n\t<ul class=\"qodef-blog-list\">\n\t<li class=\"qodef-blog-list-item clearfix\">\n\t<div class=\"qodef-blog-list-item-inner\">\n\t\t<div class=\"qodef-item-image\">\n\t\t\t<a href=\"https:\/\/redtecnomifood.es\/en\/la-novedosa-mascarilla-inteligente-con-una-utilidad-mas-alla-de-las-pandemias\/\">\n\t\t\t\t\t\t\t\t\n\t\t\t<\/a>\n\t\t<\/div>\n\t\t<div class=\"qodef-item-text-holder\">\n\t\t\t<h4 class=\"qodef-item-title\">\n\t\t\t\t<a href=\"https:\/\/redtecnomifood.es\/en\/la-novedosa-mascarilla-inteligente-con-una-utilidad-mas-alla-de-las-pandemias\/\" >\n\t\t\t\t\tThe new smart mask with a utility beyond pandemics\t\t\t\t<\/a>\n\t\t\t<\/h4>\n\t\t\t\n\t\t\t<div class=\"qodef-item-info-section\">\n\t\t\t\t<div class=\"qodef-post-info-author\">by <a class=\"qodef-post-info-author-link\" href=\"https:\/\/redtecnomifood.es\/en\/author\/miriam-vendrell\/\">miriam.vendrell<\/a><\/div>\n<div class=\"qodef-post-info-category\">\n    in <a href=\"https:\/\/redtecnomifood.es\/en\/category\/noticias-azti-en\/\" rel=\"category tag\">Not\u00edcias &#8211; AZTI<\/a><\/div>\t\t\t<\/div>\n\t\t\t\n\t\t\t\t\t\t\t<p class=\"qodef-excerpt\">[vc_row][vc_column][vc_column_text] Abstract [\/vc_column_text][vc_empty_space][vc_column_t...<\/p>\n\t\t\t\t\t<\/div>\n\t<\/div>\t\n<\/li><li class=\"qodef-blog-list-item clearfix\">\n\t<div class=\"qodef-blog-list-item-inner\">\n\t\t<div class=\"qodef-item-image\">\n\t\t\t<a href=\"https:\/\/redtecnomifood.es\/en\/tecnicas-de-geometria-nutricional-para-definir-dietas-personalizadas-para-el-higado-graso\/\">\n\t\t\t\t\t\t\t\t\n\t\t\t<\/a>\n\t\t<\/div>\n\t\t<div class=\"qodef-item-text-holder\">\n\t\t\t<h4 class=\"qodef-item-title\">\n\t\t\t\t<a href=\"https:\/\/redtecnomifood.es\/en\/tecnicas-de-geometria-nutricional-para-definir-dietas-personalizadas-para-el-higado-graso\/\" >\n\t\t\t\t\tNutritional geometry techniques to define personalized diets for fatty liver\t\t\t\t<\/a>\n\t\t\t<\/h4>\n\t\t\t\n\t\t\t<div class=\"qodef-item-info-section\">\n\t\t\t\t<div class=\"qodef-post-info-author\">by <a class=\"qodef-post-info-author-link\" href=\"https:\/\/redtecnomifood.es\/en\/author\/miriam-vendrell\/\">miriam.vendrell<\/a><\/div>\n<div class=\"qodef-post-info-category\">\n    in <a href=\"https:\/\/redtecnomifood.es\/en\/category\/noticias-azti-en\/\" rel=\"category tag\">Not\u00edcias &#8211; AZTI<\/a><\/div>\t\t\t<\/div>\n\t\t\t\n\t\t\t\t\t\t\t<p class=\"qodef-excerpt\">[vc_row][vc_column][vc_column_text] Abstract [\/vc_column_text][vc_empty_space][vc_column_t...<\/p>\n\t\t\t\t\t<\/div>\n\t<\/div>\t\n<\/li><li class=\"qodef-blog-list-item clearfix\">\n\t<div class=\"qodef-blog-list-item-inner\">\n\t\t<div class=\"qodef-item-image\">\n\t\t\t<a href=\"https:\/\/redtecnomifood.es\/en\/la-hora-clave-para-hacer-ejercicio-mejora-la-salud-cardiovascular-y-evita-los-infartos\/\">\n\t\t\t\t\t\t\t\t\n\t\t\t<\/a>\n\t\t<\/div>\n\t\t<div class=\"qodef-item-text-holder\">\n\t\t\t<h4 class=\"qodef-item-title\">\n\t\t\t\t<a href=\"https:\/\/redtecnomifood.es\/en\/la-hora-clave-para-hacer-ejercicio-mejora-la-salud-cardiovascular-y-evita-los-infartos\/\" >\n\t\t\t\t\tThe key time to exercise: improve cardiovascular health and avoid heart attacks\t\t\t\t<\/a>\n\t\t\t<\/h4>\n\t\t\t\n\t\t\t<div class=\"qodef-item-info-section\">\n\t\t\t\t<div class=\"qodef-post-info-author\">by <a class=\"qodef-post-info-author-link\" href=\"https:\/\/redtecnomifood.es\/en\/author\/miriam-vendrell\/\">miriam.vendrell<\/a><\/div>\n<div class=\"qodef-post-info-category\">\n    in <a href=\"https:\/\/redtecnomifood.es\/en\/category\/noticias-azti-en\/\" rel=\"category tag\">Not\u00edcias &#8211; AZTI<\/a><\/div>\t\t\t<\/div>\n\t\t\t\n\t\t\t\t\t\t\t<p class=\"qodef-excerpt\">[vc_row][vc_column][vc_column_text] Abstract [\/vc_column_text][vc_empty_space][vc_column_t...<\/p>\n\t\t\t\t\t<\/div>\n\t<\/div>\t\n<\/li><li class=\"qodef-blog-list-item clearfix\">\n\t<div class=\"qodef-blog-list-item-inner\">\n\t\t<div class=\"qodef-item-image\">\n\t\t\t<a href=\"https:\/\/redtecnomifood.es\/en\/los-alimentos-ultraprocesados-se-asocian-con-mas-cancer-colorrectal-y-enfermedad-cardiaca\/\">\n\t\t\t\t\t\t\t\t\n\t\t\t<\/a>\n\t\t<\/div>\n\t\t<div class=\"qodef-item-text-holder\">\n\t\t\t<h4 class=\"qodef-item-title\">\n\t\t\t\t<a href=\"https:\/\/redtecnomifood.es\/en\/los-alimentos-ultraprocesados-se-asocian-con-mas-cancer-colorrectal-y-enfermedad-cardiaca\/\" >\n\t\t\t\t\tUltra-processed foods are associated with more colorectal cancer and heart disease\t\t\t\t<\/a>\n\t\t\t<\/h4>\n\t\t\t\n\t\t\t<div class=\"qodef-item-info-section\">\n\t\t\t\t<div class=\"qodef-post-info-author\">by <a class=\"qodef-post-info-author-link\" href=\"https:\/\/redtecnomifood.es\/en\/author\/miriam-vendrell\/\">miriam.vendrell<\/a><\/div>\n<div class=\"qodef-post-info-category\">\n    in <a href=\"https:\/\/redtecnomifood.es\/en\/category\/noticias-azti-en\/\" rel=\"category tag\">Not\u00edcias &#8211; AZTI<\/a><\/div>\t\t\t<\/div>\n\t\t\t\n\t\t\t\t\t\t\t<p class=\"qodef-excerpt\">[vc_row][vc_column][vc_column_text] Abstract [\/vc_column_text][vc_empty_space][vc_column_t...<\/p>\n\t\t\t\t\t<\/div>\n\t<\/div>\t\n<\/li><li class=\"qodef-blog-list-item clearfix\">\n\t<div class=\"qodef-blog-list-item-inner\">\n\t\t<div class=\"qodef-item-image\">\n\t\t\t<a href=\"https:\/\/redtecnomifood.es\/en\/hallada-una-variante-genetica-que-predispone-a-la-delgadez-y-que-porta-el-60-de-los-europeos\/\">\n\t\t\t\t\t\t\t\t\n\t\t\t<\/a>\n\t\t<\/div>\n\t\t<div class=\"qodef-item-text-holder\">\n\t\t\t<h4 class=\"qodef-item-title\">\n\t\t\t\t<a href=\"https:\/\/redtecnomifood.es\/en\/hallada-una-variante-genetica-que-predispone-a-la-delgadez-y-que-porta-el-60-de-los-europeos\/\" >\n\t\t\t\t\tFound a genetic variant that predisposes to thinness, and that carries 60% of Europeans\t\t\t\t<\/a>\n\t\t\t<\/h4>\n\t\t\t\n\t\t\t<div class=\"qodef-item-info-section\">\n\t\t\t\t<div class=\"qodef-post-info-author\">by <a class=\"qodef-post-info-author-link\" href=\"https:\/\/redtecnomifood.es\/en\/author\/miriam-vendrell\/\">miriam.vendrell<\/a><\/div>\n<div class=\"qodef-post-info-category\">\n    in <a href=\"https:\/\/redtecnomifood.es\/en\/category\/noticias-azti-en\/\" rel=\"category tag\">Not\u00edcias &#8211; AZTI<\/a><\/div>\t\t\t<\/div>\n\t\t\t\n\t\t\t\t\t\t\t<p class=\"qodef-excerpt\">[vc_row][vc_column][vc_column_text] Abstract [\/vc_column_text][vc_empty_space][vc_column_t...<\/p>\n\t\t\t\t\t<\/div>\n\t<\/div>\t\n<\/li><li class=\"qodef-blog-list-item clearfix\">\n\t<div class=\"qodef-blog-list-item-inner\">\n\t\t<div class=\"qodef-item-image\">\n\t\t\t<a href=\"https:\/\/redtecnomifood.es\/en\/la-exposicion-a-guerras-y-hambrunas-aumenta-el-riesgo-y-acelera-la-aparicion-de-enfermedades-cardiometabolicas\/\">\n\t\t\t\t\t\t\t\t\n\t\t\t<\/a>\n\t\t<\/div>\n\t\t<div class=\"qodef-item-text-holder\">\n\t\t\t<h4 class=\"qodef-item-title\">\n\t\t\t\t<a href=\"https:\/\/redtecnomifood.es\/en\/la-exposicion-a-guerras-y-hambrunas-aumenta-el-riesgo-y-acelera-la-aparicion-de-enfermedades-cardiometabolicas\/\" >\n\t\t\t\t\tExposure to wars and famines increases the risk and accelerates the onset of cardiometabolic diseases\t\t\t\t<\/a>\n\t\t\t<\/h4>\n\t\t\t\n\t\t\t<div class=\"qodef-item-info-section\">\n\t\t\t\t<div class=\"qodef-post-info-author\">by <a class=\"qodef-post-info-author-link\" href=\"https:\/\/redtecnomifood.es\/en\/author\/miriam-vendrell\/\">miriam.vendrell<\/a><\/div>\n<div class=\"qodef-post-info-category\">\n    in <a href=\"https:\/\/redtecnomifood.es\/en\/category\/noticias-azti-en\/\" rel=\"category tag\">Not\u00edcias &#8211; AZTI<\/a><\/div>\t\t\t<\/div>\n\t\t\t\n\t\t\t\t\t\t\t<p class=\"qodef-excerpt\">[vc_row][vc_column][vc_column_text] Abstract [\/vc_column_text][vc_empty_space][vc_column_t...<\/p>\n\t\t\t\t\t<\/div>\n\t<\/div>\t\n<\/li><li class=\"qodef-blog-list-item clearfix\">\n\t<div class=\"qodef-blog-list-item-inner\">\n\t\t<div class=\"qodef-item-image\">\n\t\t\t<a href=\"https:\/\/redtecnomifood.es\/en\/primer-estudio-de-la-microbiota-en-la-poblacion-mayor-para-alcanzar-un-envejecimiento-saludable\/\">\n\t\t\t\t\t\t\t\t\n\t\t\t<\/a>\n\t\t<\/div>\n\t\t<div class=\"qodef-item-text-holder\">\n\t\t\t<h4 class=\"qodef-item-title\">\n\t\t\t\t<a href=\"https:\/\/redtecnomifood.es\/en\/primer-estudio-de-la-microbiota-en-la-poblacion-mayor-para-alcanzar-un-envejecimiento-saludable\/\" >\n\t\t\t\t\tFirst study of the microbiota in the elderly population to achieve healthy aging\t\t\t\t<\/a>\n\t\t\t<\/h4>\n\t\t\t\n\t\t\t<div class=\"qodef-item-info-section\">\n\t\t\t\t<div class=\"qodef-post-info-author\">by <a class=\"qodef-post-info-author-link\" href=\"https:\/\/redtecnomifood.es\/en\/author\/miriam-vendrell\/\">miriam.vendrell<\/a><\/div>\n<div class=\"qodef-post-info-category\">\n    in <a href=\"https:\/\/redtecnomifood.es\/en\/category\/noticias-azti-en\/\" rel=\"category tag\">Not\u00edcias &#8211; AZTI<\/a><\/div>\t\t\t<\/div>\n\t\t\t\n\t\t\t\t\t\t\t<p class=\"qodef-excerpt\">[vc_row][vc_column][vc_column_text] Abstract [\/vc_column_text][vc_empty_space][vc_column_t...<\/p>\n\t\t\t\t\t<\/div>\n\t<\/div>\t\n<\/li><li class=\"qodef-blog-list-item clearfix\">\n\t<div class=\"qodef-blog-list-item-inner\">\n\t\t<div class=\"qodef-item-image\">\n\t\t\t<a href=\"https:\/\/redtecnomifood.es\/en\/definir-la-edad-biologica-de-un-individuo-por-sus-indicadores-medicos\/\">\n\t\t\t\t\t\t\t\t\n\t\t\t<\/a>\n\t\t<\/div>\n\t\t<div class=\"qodef-item-text-holder\">\n\t\t\t<h4 class=\"qodef-item-title\">\n\t\t\t\t<a href=\"https:\/\/redtecnomifood.es\/en\/definir-la-edad-biologica-de-un-individuo-por-sus-indicadores-medicos\/\" >\n\t\t\t\t\tDefining the biological age of an individual by their medical indicators\t\t\t\t<\/a>\n\t\t\t<\/h4>\n\t\t\t\n\t\t\t<div class=\"qodef-item-info-section\">\n\t\t\t\t<div class=\"qodef-post-info-author\">by <a class=\"qodef-post-info-author-link\" href=\"https:\/\/redtecnomifood.es\/en\/author\/miriam-vendrell\/\">miriam.vendrell<\/a><\/div>\n<div class=\"qodef-post-info-category\">\n    in <a href=\"https:\/\/redtecnomifood.es\/en\/category\/noticias-azti-en\/\" rel=\"category tag\">Not\u00edcias &#8211; AZTI<\/a><\/div>\t\t\t<\/div>\n\t\t\t\n\t\t\t\t\t\t\t<p class=\"qodef-excerpt\">[vc_row][vc_column][vc_column_text] Abstract [\/vc_column_text][vc_empty_space][vc_column_t...<\/p>\n\t\t\t\t\t<\/div>\n\t<\/div>\t\n<\/li><li class=\"qodef-blog-list-item clearfix\">\n\t<div class=\"qodef-blog-list-item-inner\">\n\t\t<div class=\"qodef-item-image\">\n\t\t\t<a href=\"https:\/\/redtecnomifood.es\/en\/el-estudio-del-microbioma-ayudara-a-disenar-terapias-para-las-enfermedades-neurodegenerativas\/\">\n\t\t\t\t\t\t\t\t\n\t\t\t<\/a>\n\t\t<\/div>\n\t\t<div class=\"qodef-item-text-holder\">\n\t\t\t<h4 class=\"qodef-item-title\">\n\t\t\t\t<a href=\"https:\/\/redtecnomifood.es\/en\/el-estudio-del-microbioma-ayudara-a-disenar-terapias-para-las-enfermedades-neurodegenerativas\/\" >\n\t\t\t\t\t&#8220;The study of the microbiome will help design therapies for neurodegenerative diseases&#8221;\t\t\t\t<\/a>\n\t\t\t<\/h4>\n\t\t\t\n\t\t\t<div class=\"qodef-item-info-section\">\n\t\t\t\t<div class=\"qodef-post-info-author\">by <a class=\"qodef-post-info-author-link\" href=\"https:\/\/redtecnomifood.es\/en\/author\/miriam-vendrell\/\">miriam.vendrell<\/a><\/div>\n<div class=\"qodef-post-info-category\">\n    in <a href=\"https:\/\/redtecnomifood.es\/en\/category\/noticias-azti-en\/\" rel=\"category tag\">Not\u00edcias &#8211; AZTI<\/a><\/div>\t\t\t<\/div>\n\t\t\t\n\t\t\t\t\t\t\t<p class=\"qodef-excerpt\">[vc_row][vc_column][vc_column_text] Abstract [\/vc_column_text][vc_empty_space][vc_column_t...<\/p>\n\t\t\t\t\t<\/div>\n\t<\/div>\t\n<\/li><li class=\"qodef-blog-list-item clearfix\">\n\t<div class=\"qodef-blog-list-item-inner\">\n\t\t<div class=\"qodef-item-image\">\n\t\t\t<a href=\"https:\/\/redtecnomifood.es\/en\/la-genetica-de-los-elefantes-explicaria-por-que-estos-animales-apenas-tienen-cancer\/\">\n\t\t\t\t\t\t\t\t\n\t\t\t<\/a>\n\t\t<\/div>\n\t\t<div class=\"qodef-item-text-holder\">\n\t\t\t<h4 class=\"qodef-item-title\">\n\t\t\t\t<a href=\"https:\/\/redtecnomifood.es\/en\/la-genetica-de-los-elefantes-explicaria-por-que-estos-animales-apenas-tienen-cancer\/\" >\n\t\t\t\t\tThe genetics of elephants would explain why these animals hardly have cancer\t\t\t\t<\/a>\n\t\t\t<\/h4>\n\t\t\t\n\t\t\t<div class=\"qodef-item-info-section\">\n\t\t\t\t<div class=\"qodef-post-info-author\">by <a class=\"qodef-post-info-author-link\" href=\"https:\/\/redtecnomifood.es\/en\/author\/miriam-vendrell\/\">miriam.vendrell<\/a><\/div>\n<div class=\"qodef-post-info-category\">\n    in <a href=\"https:\/\/redtecnomifood.es\/en\/category\/noticias-azti-en\/\" rel=\"category tag\">Not\u00edcias &#8211; AZTI<\/a><\/div>\t\t\t<\/div>\n\t\t\t\n\t\t\t\t\t\t\t<p class=\"qodef-excerpt\">[vc_row][vc_column][vc_column_text] Abstract [\/vc_column_text][vc_empty_space][vc_column_t...<\/p>\n\t\t\t\t\t<\/div>\n\t<\/div>\t\n<\/li>\t<\/ul>\t\n<\/div>\n[vc_empty_space][\/vc_column][\/vc_row]<\/p>\n<\/div>","protected":false},"excerpt":{"rendered":"<p>[vc_row][vc_column][vc_column_text] News related to multiomic strategies, precision nutrition and artificial intelligence applied to the healthy food sector nutrici\u00f3n de precisi\u00f3n e&#8230;<\/p>\n","protected":false},"author":5,"featured_media":0,"parent":0,"menu_order":0,"comment_status":"closed","ping_status":"closed","template":"","meta":{"footnotes":""},"class_list":["post-8706","page","type-page","status-publish","hentry"],"yoast_head":"<!-- This site is optimized with the Yoast SEO plugin v27.5 - https:\/\/yoast.com\/product\/yoast-seo-wordpress\/ -->\n<title>Multiomic strategies news - Redtecnomifood<\/title>\n<meta name=\"robots\" content=\"index, follow, max-snippet:-1, max-image-preview:large, max-video-preview:-1\" \/>\n<link rel=\"canonical\" href=\"https:\/\/redtecnomifood.es\/en\/multiomic-strategies-news\/\" \/>\n<meta property=\"og:locale\" content=\"en_US\" \/>\n<meta property=\"og:type\" content=\"article\" \/>\n<meta property=\"og:title\" content=\"Multiomic strategies news - Redtecnomifood\" \/>\n<meta property=\"og:description\" content=\"[vc_row][vc_column][vc_column_text] News related to multiomic strategies, precision nutrition and artificial intelligence applied to the healthy food sector nutrici\u00f3n de precisi\u00f3n e...\" \/>\n<meta property=\"og:url\" content=\"https:\/\/redtecnomifood.es\/en\/multiomic-strategies-news\/\" \/>\n<meta property=\"og:site_name\" content=\"Redtecnomifood\" \/>\n<meta property=\"article:modified_time\" content=\"2025-06-19T11:44:58+00:00\" \/>\n<meta name=\"twitter:card\" content=\"summary_large_image\" \/>\n<meta name=\"twitter:label1\" content=\"Est. reading time\" \/>\n\t<meta name=\"twitter:data1\" content=\"1 minute\" \/>\n<script type=\"application\/ld+json\" class=\"yoast-schema-graph\">{\"@context\":\"https:\\\/\\\/schema.org\",\"@graph\":[{\"@type\":\"WebPage\",\"@id\":\"https:\\\/\\\/redtecnomifood.es\\\/en\\\/multiomic-strategies-news\\\/\",\"url\":\"https:\\\/\\\/redtecnomifood.es\\\/en\\\/multiomic-strategies-news\\\/\",\"name\":\"Multiomic strategies news - Redtecnomifood\",\"isPartOf\":{\"@id\":\"https:\\\/\\\/redtecnomifood.es\\\/en\\\/#website\"},\"datePublished\":\"2021-04-22T14:11:55+00:00\",\"dateModified\":\"2025-06-19T11:44:58+00:00\",\"breadcrumb\":{\"@id\":\"https:\\\/\\\/redtecnomifood.es\\\/en\\\/multiomic-strategies-news\\\/#breadcrumb\"},\"inLanguage\":\"en-US\",\"potentialAction\":[{\"@type\":\"ReadAction\",\"target\":[\"https:\\\/\\\/redtecnomifood.es\\\/en\\\/multiomic-strategies-news\\\/\"]}]},{\"@type\":\"BreadcrumbList\",\"@id\":\"https:\\\/\\\/redtecnomifood.es\\\/en\\\/multiomic-strategies-news\\\/#breadcrumb\",\"itemListElement\":[{\"@type\":\"ListItem\",\"position\":1,\"name\":\"Portada\",\"item\":\"https:\\\/\\\/redtecnomifood.es\\\/en\\\/main-home\\\/\"},{\"@type\":\"ListItem\",\"position\":2,\"name\":\"Multiomic strategies news\"}]},{\"@type\":\"WebSite\",\"@id\":\"https:\\\/\\\/redtecnomifood.es\\\/en\\\/#website\",\"url\":\"https:\\\/\\\/redtecnomifood.es\\\/en\\\/\",\"name\":\"Redtecnomifood\",\"description\":\"Redtecnomifood\",\"potentialAction\":[{\"@type\":\"SearchAction\",\"target\":{\"@type\":\"EntryPoint\",\"urlTemplate\":\"https:\\\/\\\/redtecnomifood.es\\\/en\\\/?s={search_term_string}\"},\"query-input\":{\"@type\":\"PropertyValueSpecification\",\"valueRequired\":true,\"valueName\":\"search_term_string\"}}],\"inLanguage\":\"en-US\"}]}<\/script>\n<!-- \/ Yoast SEO plugin. -->","yoast_head_json":{"title":"Multiomic strategies news - Redtecnomifood","robots":{"index":"index","follow":"follow","max-snippet":"max-snippet:-1","max-image-preview":"max-image-preview:large","max-video-preview":"max-video-preview:-1"},"canonical":"https:\/\/redtecnomifood.es\/en\/multiomic-strategies-news\/","og_locale":"en_US","og_type":"article","og_title":"Multiomic strategies news - Redtecnomifood","og_description":"[vc_row][vc_column][vc_column_text] News related to multiomic strategies, precision nutrition and artificial intelligence applied to the healthy food sector nutrici\u00f3n de precisi\u00f3n e...","og_url":"https:\/\/redtecnomifood.es\/en\/multiomic-strategies-news\/","og_site_name":"Redtecnomifood","article_modified_time":"2025-06-19T11:44:58+00:00","twitter_card":"summary_large_image","twitter_misc":{"Est. reading time":"1 minute"},"schema":{"@context":"https:\/\/schema.org","@graph":[{"@type":"WebPage","@id":"https:\/\/redtecnomifood.es\/en\/multiomic-strategies-news\/","url":"https:\/\/redtecnomifood.es\/en\/multiomic-strategies-news\/","name":"Multiomic strategies news - Redtecnomifood","isPartOf":{"@id":"https:\/\/redtecnomifood.es\/en\/#website"},"datePublished":"2021-04-22T14:11:55+00:00","dateModified":"2025-06-19T11:44:58+00:00","breadcrumb":{"@id":"https:\/\/redtecnomifood.es\/en\/multiomic-strategies-news\/#breadcrumb"},"inLanguage":"en-US","potentialAction":[{"@type":"ReadAction","target":["https:\/\/redtecnomifood.es\/en\/multiomic-strategies-news\/"]}]},{"@type":"BreadcrumbList","@id":"https:\/\/redtecnomifood.es\/en\/multiomic-strategies-news\/#breadcrumb","itemListElement":[{"@type":"ListItem","position":1,"name":"Portada","item":"https:\/\/redtecnomifood.es\/en\/main-home\/"},{"@type":"ListItem","position":2,"name":"Multiomic strategies news"}]},{"@type":"WebSite","@id":"https:\/\/redtecnomifood.es\/en\/#website","url":"https:\/\/redtecnomifood.es\/en\/","name":"Redtecnomifood","description":"Redtecnomifood","potentialAction":[{"@type":"SearchAction","target":{"@type":"EntryPoint","urlTemplate":"https:\/\/redtecnomifood.es\/en\/?s={search_term_string}"},"query-input":{"@type":"PropertyValueSpecification","valueRequired":true,"valueName":"search_term_string"}}],"inLanguage":"en-US"}]}},"_links":{"self":[{"href":"https:\/\/redtecnomifood.es\/en\/wp-json\/wp\/v2\/pages\/8706","targetHints":{"allow":["GET"]}}],"collection":[{"href":"https:\/\/redtecnomifood.es\/en\/wp-json\/wp\/v2\/pages"}],"about":[{"href":"https:\/\/redtecnomifood.es\/en\/wp-json\/wp\/v2\/types\/page"}],"author":[{"embeddable":true,"href":"https:\/\/redtecnomifood.es\/en\/wp-json\/wp\/v2\/users\/5"}],"replies":[{"embeddable":true,"href":"https:\/\/redtecnomifood.es\/en\/wp-json\/wp\/v2\/comments?post=8706"}],"version-history":[{"count":1,"href":"https:\/\/redtecnomifood.es\/en\/wp-json\/wp\/v2\/pages\/8706\/revisions"}],"predecessor-version":[{"id":12758,"href":"https:\/\/redtecnomifood.es\/en\/wp-json\/wp\/v2\/pages\/8706\/revisions\/12758"}],"wp:attachment":[{"href":"https:\/\/redtecnomifood.es\/en\/wp-json\/wp\/v2\/media?parent=8706"}],"curies":[{"name":"wp","href":"https:\/\/api.w.org\/{rel}","templated":true}]}}